{"id":20,"date":"2016-02-04T14:00:15","date_gmt":"2016-02-04T16:00:15","guid":{"rendered":"http:\/\/beatforbeat1.hospedagemdesites.ws\/site\/?page_id=20"},"modified":"2024-07-11T19:23:50","modified_gmt":"2024-07-11T22:23:50","slug":"contato","status":"publish","type":"page","link":"https:\/\/beatforbeat.com.br\/site\/contato\/","title":{"rendered":"CONTATO"},"content":{"rendered":"<p>Para entrar em contato com a gente, escolha uma das op\u00e7\u00f5es abaixo:<\/p>\n<p><strong>E-mail Geral (d\u00favidas, sugest\u00f5es, comercia, pauta e material):<\/strong><br \/>\n<a href=\"mailto:contato@beatforbeat.com.br\" target=\"_blank\" rel=\"noopener\">contato@beatforbeat.com.br<\/a><\/p><div id=\"beatf-3928761192\" class=\"beatf-conteudo_2 beatf-entity-placement\"><script async src=\"\/\/pagead2.googlesyndication.com\/pagead\/js\/adsbygoogle.js?client=ca-pub-5262797664076819\" crossorigin=\"anonymous\"><\/script><ins class=\"adsbygoogle\" style=\"display:block; text-align:center;\" data-ad-client=\"ca-pub-5262797664076819\" \ndata-ad-slot=\"8185743757\" \ndata-ad-layout=\"in-article\"\ndata-ad-format=\"fluid\"><\/ins>\n<script> \n(adsbygoogle = window.adsbygoogle || []).push({}); \n<\/script>\n<\/div>\n<p><strong>Instagram:<br \/>\n<\/strong><a href=\"https:\/\/www.instagram.com\/beatforbeatbr\/\" target=\"_blank\" rel=\"noopener\">https:\/\/www.instagram.com\/beatforbeatbr\/<\/a><strong><br \/>\n<\/strong><\/p>\n<p><strong>Whatsapp:<br \/>\n<\/strong>+55 11 94527-5634<\/p>\n","protected":false},"excerpt":{"rendered":"Para entrar em contato com a gente, escolha uma das op\u00e7\u00f5es abaixo: E-mail Geral (d\u00favidas, sugest\u00f5es, comercia, pauta&hellip;","protected":false},"author":1,"featured_media":0,"parent":0,"menu_order":0,"comment_status":"closed","ping_status":"closed","template":"","meta":{"_monsterinsights_skip_tracking":false,"_monsterinsights_sitenote_active":false,"_monsterinsights_sitenote_note":"","_monsterinsights_sitenote_category":0,"csco_display_header_overlay":false,"csco_singular_sidebar":"","csco_page_header_type":"","csco_page_load_nextpost":"","csco_post_video_location":[],"csco_post_video_location_hash":"","csco_post_video_url":"","csco_post_video_bg_start_time":0,"csco_post_video_bg_end_time":0,"footnotes":""},"class_list":{"0":"post-20","1":"page","2":"type-page","3":"status-publish","5":"cs-entry","6":"cs-video-wrap"},"yoast_head":"<!-- This site is optimized with the Yoast SEO plugin v27.5 - https:\/\/yoast.com\/product\/yoast-seo-wordpress\/ -->\n<title>CONTATO - Beat for Beat<\/title>\n<meta name=\"description\" content=\"Seu site de not\u00edcias do cen\u00e1rio da m\u00fasica eletr\u00f4nica. Do mainstream ao underground, do comercial ao alternativo, nacional e internacional.\" \/>\n<meta name=\"robots\" content=\"index, follow, max-snippet:-1, max-image-preview:large, max-video-preview:-1\" \/>\n<link rel=\"canonical\" href=\"https:\/\/beatforbeat.com.br\/site\/contato\/\" \/>\n<meta property=\"og:locale\" content=\"pt_BR\" \/>\n<meta property=\"og:type\" content=\"article\" \/>\n<meta property=\"og:title\" content=\"CONTATO - Beat for Beat\" \/>\n<meta property=\"og:description\" content=\"Seu site de not\u00edcias do cen\u00e1rio da m\u00fasica eletr\u00f4nica. Do mainstream ao underground, do comercial ao alternativo, nacional e internacional.\" \/>\n<meta property=\"og:url\" content=\"https:\/\/beatforbeat.com.br\/site\/contato\/\" \/>\n<meta property=\"og:site_name\" content=\"Beat for Beat\" \/>\n<meta property=\"article:modified_time\" content=\"2024-07-11T22:23:50+00:00\" \/>\n<meta name=\"twitter:card\" content=\"summary_large_image\" \/>\n<meta name=\"twitter:label1\" content=\"Est. tempo de leitura\" \/>\n\t<meta name=\"twitter:data1\" content=\"1 minuto\" \/>\n<script type=\"application\/ld+json\" class=\"yoast-schema-graph\">{\"@context\":\"https:\\\/\\\/schema.org\",\"@graph\":[{\"@type\":\"WebPage\",\"@id\":\"https:\\\/\\\/beatforbeat.com.br\\\/site\\\/contato\\\/\",\"url\":\"https:\\\/\\\/beatforbeat.com.br\\\/site\\\/contato\\\/\",\"name\":\"CONTATO - Beat for Beat\",\"isPartOf\":{\"@id\":\"https:\\\/\\\/beatforbeat.com.br\\\/site\\\/#website\"},\"datePublished\":\"2016-02-04T16:00:15+00:00\",\"dateModified\":\"2024-07-11T22:23:50+00:00\",\"description\":\"Seu site de not\u00edcias do cen\u00e1rio da m\u00fasica eletr\u00f4nica. Do mainstream ao underground, do comercial ao alternativo, nacional e internacional.\",\"breadcrumb\":{\"@id\":\"https:\\\/\\\/beatforbeat.com.br\\\/site\\\/contato\\\/#breadcrumb\"},\"inLanguage\":\"pt-BR\",\"potentialAction\":[{\"@type\":\"ReadAction\",\"target\":[\"https:\\\/\\\/beatforbeat.com.br\\\/site\\\/contato\\\/\"]}]},{\"@type\":\"BreadcrumbList\",\"@id\":\"https:\\\/\\\/beatforbeat.com.br\\\/site\\\/contato\\\/#breadcrumb\",\"itemListElement\":[{\"@type\":\"ListItem\",\"position\":1,\"name\":\"In\u00edcio\",\"item\":\"https:\\\/\\\/beatforbeat.com.br\\\/site\\\/\"},{\"@type\":\"ListItem\",\"position\":2,\"name\":\"CONTATO\"}]},{\"@type\":\"WebSite\",\"@id\":\"https:\\\/\\\/beatforbeat.com.br\\\/site\\\/#website\",\"url\":\"https:\\\/\\\/beatforbeat.com.br\\\/site\\\/\",\"name\":\"Beat for Beat\",\"description\":\"M\u00fasica \u00e9 a Resposta\",\"publisher\":{\"@id\":\"https:\\\/\\\/beatforbeat.com.br\\\/site\\\/#organization\"},\"potentialAction\":[{\"@type\":\"SearchAction\",\"target\":{\"@type\":\"EntryPoint\",\"urlTemplate\":\"https:\\\/\\\/beatforbeat.com.br\\\/site\\\/?s={search_term_string}\"},\"query-input\":{\"@type\":\"PropertyValueSpecification\",\"valueRequired\":true,\"valueName\":\"search_term_string\"}}],\"inLanguage\":\"pt-BR\"},{\"@type\":\"Organization\",\"@id\":\"https:\\\/\\\/beatforbeat.com.br\\\/site\\\/#organization\",\"name\":\"Beat for Beat\",\"url\":\"https:\\\/\\\/beatforbeat.com.br\\\/site\\\/\",\"logo\":{\"@type\":\"ImageObject\",\"inLanguage\":\"pt-BR\",\"@id\":\"https:\\\/\\\/beatforbeat.com.br\\\/site\\\/#\\\/schema\\\/logo\\\/image\\\/\",\"url\":\"https:\\\/\\\/beatforbeat.com.br\\\/site\\\/wp-content\\\/uploads\\\/2020\\\/05\\\/Logo-Site-600@2x.png\",\"contentUrl\":\"https:\\\/\\\/beatforbeat.com.br\\\/site\\\/wp-content\\\/uploads\\\/2020\\\/05\\\/Logo-Site-600@2x.png\",\"width\":1200,\"height\":1200,\"caption\":\"Beat for Beat\"},\"image\":{\"@id\":\"https:\\\/\\\/beatforbeat.com.br\\\/site\\\/#\\\/schema\\\/logo\\\/image\\\/\"}}]}<\/script>\n<!-- \/ Yoast SEO plugin. -->","yoast_head_json":{"title":"CONTATO - Beat for Beat","description":"Seu site de not\u00edcias do cen\u00e1rio da m\u00fasica eletr\u00f4nica. Do mainstream ao underground, do comercial ao alternativo, nacional e internacional.","robots":{"index":"index","follow":"follow","max-snippet":"max-snippet:-1","max-image-preview":"max-image-preview:large","max-video-preview":"max-video-preview:-1"},"canonical":"https:\/\/beatforbeat.com.br\/site\/contato\/","og_locale":"pt_BR","og_type":"article","og_title":"CONTATO - Beat for Beat","og_description":"Seu site de not\u00edcias do cen\u00e1rio da m\u00fasica eletr\u00f4nica. Do mainstream ao underground, do comercial ao alternativo, nacional e internacional.","og_url":"https:\/\/beatforbeat.com.br\/site\/contato\/","og_site_name":"Beat for Beat","article_modified_time":"2024-07-11T22:23:50+00:00","twitter_card":"summary_large_image","twitter_misc":{"Est. tempo de leitura":"1 minuto"},"schema":{"@context":"https:\/\/schema.org","@graph":[{"@type":"WebPage","@id":"https:\/\/beatforbeat.com.br\/site\/contato\/","url":"https:\/\/beatforbeat.com.br\/site\/contato\/","name":"CONTATO - Beat for Beat","isPartOf":{"@id":"https:\/\/beatforbeat.com.br\/site\/#website"},"datePublished":"2016-02-04T16:00:15+00:00","dateModified":"2024-07-11T22:23:50+00:00","description":"Seu site de not\u00edcias do cen\u00e1rio da m\u00fasica eletr\u00f4nica. Do mainstream ao underground, do comercial ao alternativo, nacional e internacional.","breadcrumb":{"@id":"https:\/\/beatforbeat.com.br\/site\/contato\/#breadcrumb"},"inLanguage":"pt-BR","potentialAction":[{"@type":"ReadAction","target":["https:\/\/beatforbeat.com.br\/site\/contato\/"]}]},{"@type":"BreadcrumbList","@id":"https:\/\/beatforbeat.com.br\/site\/contato\/#breadcrumb","itemListElement":[{"@type":"ListItem","position":1,"name":"In\u00edcio","item":"https:\/\/beatforbeat.com.br\/site\/"},{"@type":"ListItem","position":2,"name":"CONTATO"}]},{"@type":"WebSite","@id":"https:\/\/beatforbeat.com.br\/site\/#website","url":"https:\/\/beatforbeat.com.br\/site\/","name":"Beat for Beat","description":"M\u00fasica \u00e9 a Resposta","publisher":{"@id":"https:\/\/beatforbeat.com.br\/site\/#organization"},"potentialAction":[{"@type":"SearchAction","target":{"@type":"EntryPoint","urlTemplate":"https:\/\/beatforbeat.com.br\/site\/?s={search_term_string}"},"query-input":{"@type":"PropertyValueSpecification","valueRequired":true,"valueName":"search_term_string"}}],"inLanguage":"pt-BR"},{"@type":"Organization","@id":"https:\/\/beatforbeat.com.br\/site\/#organization","name":"Beat for Beat","url":"https:\/\/beatforbeat.com.br\/site\/","logo":{"@type":"ImageObject","inLanguage":"pt-BR","@id":"https:\/\/beatforbeat.com.br\/site\/#\/schema\/logo\/image\/","url":"https:\/\/beatforbeat.com.br\/site\/wp-content\/uploads\/2020\/05\/Logo-Site-600@2x.png","contentUrl":"https:\/\/beatforbeat.com.br\/site\/wp-content\/uploads\/2020\/05\/Logo-Site-600@2x.png","width":1200,"height":1200,"caption":"Beat for Beat"},"image":{"@id":"https:\/\/beatforbeat.com.br\/site\/#\/schema\/logo\/image\/"}}]}},"amp_enabled":true,"_links":{"self":[{"href":"https:\/\/beatforbeat.com.br\/site\/wp-json\/wp\/v2\/pages\/20","targetHints":{"allow":["GET"]}}],"collection":[{"href":"https:\/\/beatforbeat.com.br\/site\/wp-json\/wp\/v2\/pages"}],"about":[{"href":"https:\/\/beatforbeat.com.br\/site\/wp-json\/wp\/v2\/types\/page"}],"author":[{"embeddable":true,"href":"https:\/\/beatforbeat.com.br\/site\/wp-json\/wp\/v2\/users\/1"}],"replies":[{"embeddable":true,"href":"https:\/\/beatforbeat.com.br\/site\/wp-json\/wp\/v2\/comments?post=20"}],"version-history":[{"count":2,"href":"https:\/\/beatforbeat.com.br\/site\/wp-json\/wp\/v2\/pages\/20\/revisions"}],"predecessor-version":[{"id":45719,"href":"https:\/\/beatforbeat.com.br\/site\/wp-json\/wp\/v2\/pages\/20\/revisions\/45719"}],"wp:attachment":[{"href":"https:\/\/beatforbeat.com.br\/site\/wp-json\/wp\/v2\/media?parent=20"}],"curies":[{"name":"wp","href":"https:\/\/api.w.org\/{rel}","templated":true}]}}